{"id":4,"date":"2016-02-12T07:54:41","date_gmt":"2016-02-12T09:54:41","guid":{"rendered":"http:\/\/demos.famethemes.com\/onepress\/?page_id=4"},"modified":"2022-05-09T19:57:36","modified_gmt":"2022-05-09T22:57:36","slug":"comprar-livro-de-volta-para-mim-buy-book-back-to-me","status":"publish","type":"page","link":"http:\/\/www.visual--media.com\/site\/","title":{"rendered":"Comprar Livro &#8220;De Volta Para Mim&#8221; Carla Cicarino"},"content":{"rendered":"<figure id=\"attachment_1732\" aria-describedby=\"caption-attachment-1732\" style=\"width: 472px\" class=\"wp-caption alignnone\"><a href=\"http:\/\/www.visual--media.com\/site\/wp-content\/uploads\/2021\/07\/banner-parker-hilton-SO3456CLjhY-unsplash-highres_CMYK-scaled.jpg\"><img loading=\"lazy\" decoding=\"async\" class=\"wp-image-1732 size-medium\" src=\"http:\/\/www.visual--media.com\/site\/wp-content\/uploads\/2021\/07\/banner-parker-hilton-SO3456CLjhY-unsplash-highres_CMYK-472x266.jpg\" alt=\"Livro &quot;De Volta Para Mim&quot; Carla Cicarino\" width=\"472\" height=\"266\" srcset=\"http:\/\/www.visual--media.com\/site\/wp-content\/uploads\/2021\/07\/banner-parker-hilton-SO3456CLjhY-unsplash-highres_CMYK-472x266.jpg 472w, http:\/\/www.visual--media.com\/site\/wp-content\/uploads\/2021\/07\/banner-parker-hilton-SO3456CLjhY-unsplash-highres_CMYK-870x490.jpg 870w, http:\/\/www.visual--media.com\/site\/wp-content\/uploads\/2021\/07\/banner-parker-hilton-SO3456CLjhY-unsplash-highres_CMYK-768x432.jpg 768w, http:\/\/www.visual--media.com\/site\/wp-content\/uploads\/2021\/07\/banner-parker-hilton-SO3456CLjhY-unsplash-highres_CMYK-1536x863.jpg 1536w, http:\/\/www.visual--media.com\/site\/wp-content\/uploads\/2021\/07\/banner-parker-hilton-SO3456CLjhY-unsplash-highres_CMYK-2048x1151.jpg 2048w, http:\/\/www.visual--media.com\/site\/wp-content\/uploads\/2021\/07\/banner-parker-hilton-SO3456CLjhY-unsplash-highres_CMYK-600x337.jpg 600w\" sizes=\"auto, (max-width: 472px) 100vw, 472px\" \/><\/a><figcaption id=\"caption-attachment-1732\" class=\"wp-caption-text\">Livro &#8220;De Volta Para Mim&#8221; Carla Cicarino<\/figcaption><\/figure>\n<h2>Livro &#8220;De Volta Para Mim&#8221; Carla Cicarino<\/h2>\n<p>Livro &#8220;De Volta Para Mim&#8221; Carla Cicarino: &#8220;Se alguma vez voc\u00ea j\u00e1 se perguntou se os animais possuem alma, o que acontece com eles depois que deixam esse mundo f\u00edsico, se reencarnam e podem se comunicar conosco, aqui ter\u00e1 suas respostas.&#8221;<\/p>\n<p>\u201cDevido a minha experi\u00eancia, escrevi esse livro para poder levar esperan\u00e7a, sorrisos e f\u00e9 a todos os que possuem um profundo amor e conex\u00e3o por seus animais de estima\u00e7\u00e3o, estejam eles ao seu lado ainda ou n\u00e3o mais.\u201d<\/p>\n<p>Carla Cicarino, al\u00e9m de autora do livro \u201cDe Volta Para Mim\u201d (Editora Killa), \u00e9 M\u00e9dica Veterin\u00e1ria Integrativa de c\u00e3es e gatos, Reikiana, Orientadora em alimenta\u00e7\u00e3o natural para c\u00e3es, facilitadora em Constela\u00e7\u00e3o Familiar e Veterin\u00e1ria, residente em S\u00e3o Paulo, Brasil<\/p>\n<p>FICO FELIZ POR OUVIR VOCE! \u2013<\/p>\n<p>\u201cFico muito feliz de ver voc\u00ea aqui! Adoraria saber o que achou do livro e se voc\u00ea conhece alguma hist\u00f3ria semelhante. Curta muito a sua leitura. Obrigada. Com muito amor.\u201d<\/p>\n<p>~ Carla Cicarino<\/p>\n<h2>Livro Impresso\u00a0em <a href=\"http:\/\/www.visual--media.com\/site\/product\/de-volta-para-mim-portugues-epub\/\">Portugues e para iOS<\/a>\/Kindle, <a href=\"http:\/\/www.visual--media.com\/site\/product\/back-to-me-english-epub\/\">english iOS<\/a>, <a href=\"http:\/\/www.visual--media.com\/site\/product\/back-to-me-english-mobi\/\">English Kindle<\/a> &#8211; Buy Book &#8220;Back To Me&#8221;<\/h2>\n<p><a href=\"https:\/\/www.instagram.com\/livrodevoltaparamim\/\">Visite meu Instagram<\/a><\/p>\n","protected":false},"excerpt":{"rendered":"<p>Livro &#8220;De Volta Para Mim&#8221; Carla Cicarino Livro &#8220;De Volta Para Mim&#8221; Carla Cicarino: &#8220;Se alguma vez voc\u00ea j\u00e1 se perguntou se os animais possuem alma, o que acontece com &#8230;<\/p>\n","protected":false},"author":2,"featured_media":1733,"parent":0,"menu_order":0,"comment_status":"closed","ping_status":"closed","template":"template-frontpage.php","meta":{"footnotes":""},"class_list":["post-4","page","type-page","status-publish","has-post-thumbnail","hentry"],"aioseo_notices":[],"_links":{"self":[{"href":"http:\/\/www.visual--media.com\/site\/wp-json\/wp\/v2\/pages\/4","targetHints":{"allow":["GET"]}}],"collection":[{"href":"http:\/\/www.visual--media.com\/site\/wp-json\/wp\/v2\/pages"}],"about":[{"href":"http:\/\/www.visual--media.com\/site\/wp-json\/wp\/v2\/types\/page"}],"author":[{"embeddable":true,"href":"http:\/\/www.visual--media.com\/site\/wp-json\/wp\/v2\/users\/2"}],"replies":[{"embeddable":true,"href":"http:\/\/www.visual--media.com\/site\/wp-json\/wp\/v2\/comments?post=4"}],"version-history":[{"count":0,"href":"http:\/\/www.visual--media.com\/site\/wp-json\/wp\/v2\/pages\/4\/revisions"}],"wp:featuredmedia":[{"embeddable":true,"href":"http:\/\/www.visual--media.com\/site\/wp-json\/wp\/v2\/media\/1733"}],"wp:attachment":[{"href":"http:\/\/www.visual--media.com\/site\/wp-json\/wp\/v2\/media?parent=4"}],"curies":[{"name":"wp","href":"https:\/\/api.w.org\/{rel}","templated":true}]}}