{"id":2126,"date":"2023-12-26T13:03:09","date_gmt":"2023-12-26T16:03:09","guid":{"rendered":"http:\/\/www.visual--media.com\/site\/?page_id=2126"},"modified":"2024-01-01T20:17:49","modified_gmt":"2024-01-01T23:17:49","slug":"constelacao-familiar-multiespecie-com-bonecos","status":"publish","type":"page","link":"http:\/\/www.visual--media.com\/site\/constelacao-familiar-multiespecie-com-bonecos\/","title":{"rendered":"CONSTELA\u00c7\u00c3O FAMILIAR MULTIESP\u00c9CIE (com bonecos)"},"content":{"rendered":"<p><span style=\"color: #000000;\"><img loading=\"lazy\" decoding=\"async\" class=\"alignnone wp-image-2128 size-large\" src=\"http:\/\/www.visual--media.com\/site\/wp-content\/uploads\/2023\/12\/13.03.37-870x309.png\" alt=\"\" width=\"800\" height=\"284\" srcset=\"http:\/\/www.visual--media.com\/site\/wp-content\/uploads\/2023\/12\/13.03.37-870x309.png 870w, http:\/\/www.visual--media.com\/site\/wp-content\/uploads\/2023\/12\/13.03.37-472x168.png 472w, http:\/\/www.visual--media.com\/site\/wp-content\/uploads\/2023\/12\/13.03.37-768x273.png 768w, http:\/\/www.visual--media.com\/site\/wp-content\/uploads\/2023\/12\/13.03.37-600x213.png 600w, http:\/\/www.visual--media.com\/site\/wp-content\/uploads\/2023\/12\/13.03.37.png 1380w\" sizes=\"auto, (max-width: 800px) 100vw, 800px\" \/><\/span><\/p>\r\n<p><span style=\"color: #000000;\"><strong>Antes de qualquer coisa, a Constela\u00e7\u00e3o Multiesp\u00e9cie N\u00c3O \u00c9 CURA!<\/strong><\/span><\/p>\r\n<p><span style=\"color: #000000;\">Essa t\u00e9cnica desenvolvida por Bert Hellinger, envolve um trabalho de busca para entender certos processos em uma campo m\u00f3rfico, um sistema familiar. Todos os membros de uma fam\u00edlia formam um sistema, e como os animais n\u00e3o humanos cada vez mais, fazem parte dessa fam\u00edlia, desse sistema, tamb\u00e9m est\u00e3o sujeitos \u00e0s conex\u00f5es ocultas, emaranhamentos, espelhamento de seu tutor ou dos membros desse sistema (vivos ou mortos), ao qual se relacionam. Os animais costumam bioindicar o que se passa naquele sistema. Muitas vezes s\u00e3o espelhos do que absorvem e experienciam. Com isso, doen\u00e7as, desequil\u00edbrios emocionais e comportamentais, surgem, e na maioria das vezes, o tutor n\u00e3o percebe o quanto ele mesmo e seu sistema precisam ser constelados. A Constela\u00e7\u00e3o tr\u00e1s \u00e0 tona aquilo que precisa ser olhada e trabalhado.<\/span><\/p>\r\n<div class=\"page\" title=\"Page 1\">\r\n<div class=\"layoutArea\">\r\n<div class=\"column\"><span style=\"color: #000000;\"><strong>A Constelac\u0327a\u0303o Familiar Multiespe\u0301cie, busca mostrar que o tutor e\u0301 maior que o animal tutelado (no caso, os animais na\u0303o humanos), e isso na\u0303o diz respeito a superioridade, e sim, a\u0300 uma convive\u0302ncia em harmonia, com ordem, hierarquia, sem projec\u0327o\u0303es, com respeito e amor. Ser maior e\u0301 possuir o dever de cuidar do bem estar do seu animalzinho tutelado. Na\u0303o transferindo problemas emocionais, e de outras origens para o animal em questa\u0303o. Seu animal na\u0303o humano na\u0303o e\u0301 menos inteligente, menos importante e\/ou inferior. Lembrando que a maioria dos processos se da\u0303o inconscientemente.<\/strong><\/span><\/div>\r\n<div class=\"column\">\r\n<div class=\"page\" title=\"Page 1\">\r\n<div class=\"layoutArea\">\r\n<div>\u00a0<\/div>\r\n<div class=\"column\"><span style=\"color: #000000;\">Ele esta\u0301 sob a sua tutela, mas possui\u0301 seu pro\u0301prio sistema familiar (pais e ma\u0303es verdadeiros de origem) e apenas dividem com voce\u0302 um espac\u0327o importante dentro deste sistema humano. Muitas vezes, essa visa\u0303o de \u201cfilho\u201d ou substituic\u0327a\u0303o de amor de fami\u0301lia, co\u0302njuge, e etc, e\u0301 um dos maiores problemas, que sera\u0301 melhor explicado na sessa\u0303o de Constelac\u0327a\u0303o. Caso o interesse seja pela Constelac\u0327a\u0303o Familiar humana, sem animal na\u0303o humano envolvido, tambe\u0301m pode-se fazer uma sessa\u0303o para algum tema que o cliente deseje se aprofundar, tratar, entender de uma melhor forma. Caso queira saber mais, antes das sesso\u0303es, busque informac\u0327o\u0303es disponi\u0301veis com Consteladores e\/ou sites na internet que possam explicar um pouco mais sobre as Constelac\u0327o\u0303es. A Constelac\u0327a\u0303o Familiar, atrave\u0301s da visa\u0303o siste\u0302mica, e\u0301 uma forma de perceber, ressignificar e caminhar de forma lu\u0301cida em nossas vidas, com mais clareza, mais forc\u0327a, e, certamente, mais pacificac\u0327a\u0303o interior.<\/span>\r\n<div class=\"page\" title=\"Page 1\">\r\n<div class=\"layoutArea\">\r\n<div class=\"column\">\r\n<div class=\"page\" title=\"Page 1\">\r\n<div class=\"layoutArea\">\r\n<div>\u00a0<\/div>\r\n<div class=\"column\"><span style=\"color: #000000;\"><strong>A sessa\u0303o e\u0301 u\u0301nica (na\u0303o existem retornos). Dependendo da sessa\u0303o, ela dura em me\u0301dia 90 min.<\/strong><\/span>\r\n<div class=\"page\" title=\"Page 1\">\r\n<div class=\"layoutArea\">\r\n<div>\u00a0<\/div>\r\n<div class=\"column\"><span style=\"color: #000000;\">&#8211; As constelac\u0327o\u0303es individuais\/online podem ser realizadas com bonecos de mesa, bonecos em a\u0301gua (fluvial) utilizados ou mesmo com i\u0301tens que o Constelador pec\u0327a ao consulente para trazer no dia como: esmaltes, pedras, batons, etc. O Constelador ira\u0301 decidir qual o melhor me\u0301todo para cada caso de acordo com a intuic\u0327a\u0303o.<\/span><\/div>\r\n<\/div>\r\n<\/div>\r\n<div class=\"page\" title=\"Page 2\">\r\n<div class=\"layoutArea\">\r\n<div>\u00a0<\/div>\r\n<div class=\"column\"><span style=\"color: #000000;\">&#8211; As sesso\u0303es on-line sa\u0303o feitas por SKYPE (baixe o aplicativo e envie seu apelido de identificac\u0327a\u0303o para o Constelador). O uso de vi\u0301deo de WhatsApp interfere muito na sessa\u0303o pois o celular continua a receber chamadas e mensagens. Por isso, dou prefere\u0302ncia ao Skype, mas caso o tutor prefira o video do WhatsApp, na\u0303o ha\u0301 problemas.<\/span><\/div>\r\n<div>\u00a0<\/div>\r\n<div class=\"column\"><span style=\"color: #000000;\">&#8211; No caso de uma Constelac\u0327a\u0303o Multiespe\u0301cie, ou seja, com animais envolvidos, na\u0303o ha\u0301 necessidade da presenc\u0327a do animal durante a sessa\u0303o. Tambe\u0301m pode-se fazer com animais ja\u0301 desencarnados. Na\u0303o ha\u0301 diferenc\u0327a alguma. O campo mo\u0301rfico trabalha da mesma forma.<\/span><\/div>\r\n<div>\u00a0<\/div>\r\n<div class=\"column\"><span style=\"color: #000000;\">&#8211; Se houver necessidade, durante a sessa\u0303o, o Constelador podera\u0301 fazer uma Comunicac\u0327a\u0303o Intuiti\u0301va com o animal na\u0303o humano, para melhor tentar se aprofundar em algum assunto que ainda na\u0303o esteja claro.<\/span><\/div>\r\n<div>\u00a0<\/div>\r\n<div class=\"column\"><span style=\"color: #000000;\">&#8211; Apo\u0301s a Constelac\u0327a\u0303o, havera\u0301 um novo contato com o consulente (72hrs) para saber como as pessoas e\/ou os animais na\u0303o humanos esta\u0303o. Na\u0303o e\u0301 para explicar, e sim para acolher e escutar.<\/span>\r\n<div class=\"page\" title=\"Page 2\">\r\n<div class=\"layoutArea\">\r\n<div>\u00a0<\/div>\r\n<div class=\"column\"><span style=\"color: #000000;\">&#8211; O entendimento dos movimentos feitos e\u0301 na alma, e na\u0303o na mente cognitiva, os efeitos de uma constelac\u0327a\u0303o reverberam por dia, meses ate\u0301 anos no sistema. E\u0301 um processo de transformac\u0327a\u0303o que dependera\u0301 apenas e exclusivamente do constelado, ou seja, o consulente, que a\u0300 partir do que foi mostrado e revelado na sessa\u0303o, decidira\u0301 que caminhos tomar, como agir, quais as novas posturas em relac\u0327a\u0303o a vida.<\/span><\/div>\r\n<div>\u00a0<\/div>\r\n<div class=\"column\"><span style=\"color: #000000;\"><strong>Pagamento a\u0300 vista. (Transfere\u0302ncia banca\u0301ria ou PIX) Ate\u0301 24hrs antes do hora\u0301rio agendado da sessa\u0303o. Caso contra\u0301rio, na\u0303o havera\u0301 sessa\u0303o. <br \/><br \/><span style=\"color: #ff0000;\">Valor: R$ 390,00<\/span> (dados banca\u0301rios ao final do termo)<\/strong><\/span>\r\n<div class=\"page\" title=\"Page 2\">\r\n<div class=\"layoutArea\">\r\n<div>\u00a0<\/div>\r\n<div class=\"column\"><span style=\"color: #000000;\"><strong>LEMBRE-SE:<\/strong><\/span><\/div>\r\n<div>\u00a0<\/div>\r\n<div class=\"column\"><span style=\"color: #000000;\">1- A Constelac\u0327a\u0303o Familiar na\u0303o faz milagres.<\/span><\/div>\r\n<div class=\"column\"><span style=\"color: #000000;\">2- Na\u0303o e\u0301 magica.<\/span><\/div>\r\n<div class=\"column\"><span style=\"color: #000000;\">3- Na\u0303o cura.<\/span><\/div>\r\n<div class=\"column\"><span style=\"color: #000000;\">4- Na\u0303o e\u0301 a resposta final de todos os seus problemas.<\/span><\/div>\r\n<div class=\"column\"><span style=\"color: #000000;\">5- E\u0301 uma ferramenta que te auxilia no autoconhecimento, na forma de lidar com os problemas fi\u0301sicos mentais e emocionais, ale\u0301m de ocasionar uma expansa\u0303o da Conscie\u0302ncia para voce\u0302 atingir seu objetivo pessoal nas a\u0301reas em que voce\u0302 necessita.<\/span><\/div>\r\n<div class=\"column\"><span style=\"color: #000000;\">6- O maior papel nesse processo e\u0301 seu.<\/span><\/div>\r\n<div class=\"column\"><span style=\"color: #000000;\">7- A responsabilidade e\u0301 sua e na\u0303o da Constelac\u0327a\u0303o A Constelac\u0327a\u0303o Familiar e\u0301 o farol&#8230; mas o comandante do barco e\u0301 voce\u0302.<\/span>\r\n<div class=\"page\" title=\"Page 2\">\r\n<div class=\"layoutArea\">\r\n<div class=\"column\">\r\n<blockquote><span style=\"color: #000000;\"><strong>\u201cOlhe ate\u0301 que voce\u0302 consiga ver&#8230;.\u201d(Bert Hellinger)<\/strong><\/span><\/blockquote>\r\n<span style=\"color: #000000;\"><strong>Importante:\u00a0<\/strong> <!-- \/wp:post-content -->\r\n\r\n<!-- wp:paragraph {\"style\":{\"elements\":{\"link\":{\"color\":{\"text\":\"var:preset|color|vivid-red\"}}}},\"textColor\":\"vivid-red\"} --><\/span>\r\n<p class=\"has-vivid-red-color has-text-color has-link-color\"><span style=\"color: #000000;\"><strong>Pagamento \u00e0 vista. (Transfer\u00eancia ou Pix). Deve ser feito at\u00e9 um dia antes da data marcada para a sess\u00e3o de leitura. <\/strong><strong>Caso n\u00e3o seja feito o pagamento, n\u00e3o haver\u00e1 sess\u00e3o.<\/strong><strong>\u00a0<\/strong><\/span><\/p>\r\n<span style=\"color: #000000;\"><!-- \/wp:paragraph -->\r\n\r\n<!-- wp:paragraph --> <strong>DADOS BANC\u00c1RIOS:<\/strong><\/span><\/div>\r\n<div class=\"column\"><span style=\"color: #000000;\"><!-- \/wp:paragraph -->\r\n\r\n<!-- wp:paragraph --> Ita\u00fa Ag\u00eancia: 8351<\/span><\/div>\r\n<div class=\"column\"><span style=\"color: #000000;\">Conta corrente: 10002-2<\/span><\/div>\r\n<div class=\"column\"><span style=\"color: #000000;\">CPF: 250941678-20<\/span><\/div>\r\n<div>\u00a0<\/div>\r\n<div class=\"column\"><span style=\"color: #000000;\"><!-- \/wp:paragraph -->\r\n\r\n<!-- wp:paragraph --> PIX NUBANK<\/span><\/div>\r\n<div class=\"column\"><span style=\"color: #000000;\">CPF: 250.941.678-20<\/span><\/div>\r\n<div>\u00a0<\/div>\r\n<div class=\"column\"><span style=\"color: #000000;\"><!-- \/wp:paragraph -->\r\n\r\n<!-- wp:paragraph --> <strong>Gratid\u00e3o,\u00a0<\/strong><\/span><\/div>\r\n<div>\u00a0<\/div>\r\n<div class=\"column\"><span style=\"color: #000000;\"><!-- \/wp:paragraph -->\r\n\r\n<!-- wp:paragraph --> <strong>Dra. Carla Cicarino <\/strong><\/span><\/div>\r\n<div class=\"column\"><span style=\"color: #000000;\"><strong>M\u00e9dica Veterin\u00e1ria Integrativa Sist\u00eamica<\/strong><\/span><\/div>\r\n<div class=\"column\"><span style=\"color: #000000;\"><strong>CRMV-SP 26.312 <\/strong><\/span><\/div>\r\n<div>\u00a0<\/div>\r\n<div class=\"column\"><span style=\"color: #000000;\"><strong>Facilitadora em Constela\u00e7\u00e3o Familiar e Familiar Multiesp\u00e9cie, Comunicadora Intuitiva com Animais, Reikiana, Thetahealer, Facilitadora em Tarot Sist\u00eamico (cartas Intuitvas para Pets e tutores).<\/strong><\/span><\/div>\r\n<div>\u00a0<\/div>\r\n<div class=\"column\"><span style=\"color: #000000;\"><!-- \/wp:paragraph -->\r\n\r\n<!-- wp:paragraph --> <strong>E-mail: carlavet@gmail.com \u00a0<\/strong><\/span><\/div>\r\n<\/div>\r\n<\/div>\r\n<\/div>\r\n<\/div>\r\n<\/div>\r\n<\/div>\r\n<\/div>\r\n<\/div>\r\n<\/div>\r\n<\/div>\r\n<\/div>\r\n<\/div>\r\n<\/div>\r\n<\/div>\r\n<\/div>\r\n<\/div>\r\n<\/div>\r\n<\/div>\r\n<\/div>\r\n<\/div>\r\n<\/div>\r\n<\/div>\r\n<\/div>","protected":false},"excerpt":{"rendered":"<p>Antes de qualquer coisa, a Constela\u00e7\u00e3o Multiesp\u00e9cie N\u00c3O \u00c9 CURA! Essa t\u00e9cnica desenvolvida por Bert Hellinger, envolve um trabalho de busca para entender certos processos em uma campo m\u00f3rfico, um &#8230;<\/p>\n","protected":false},"author":1,"featured_media":0,"parent":0,"menu_order":0,"comment_status":"closed","ping_status":"closed","template":"","meta":{"footnotes":""},"class_list":["post-2126","page","type-page","status-publish","hentry"],"aioseo_notices":[],"_links":{"self":[{"href":"http:\/\/www.visual--media.com\/site\/wp-json\/wp\/v2\/pages\/2126","targetHints":{"allow":["GET"]}}],"collection":[{"href":"http:\/\/www.visual--media.com\/site\/wp-json\/wp\/v2\/pages"}],"about":[{"href":"http:\/\/www.visual--media.com\/site\/wp-json\/wp\/v2\/types\/page"}],"author":[{"embeddable":true,"href":"http:\/\/www.visual--media.com\/site\/wp-json\/wp\/v2\/users\/1"}],"replies":[{"embeddable":true,"href":"http:\/\/www.visual--media.com\/site\/wp-json\/wp\/v2\/comments?post=2126"}],"version-history":[{"count":0,"href":"http:\/\/www.visual--media.com\/site\/wp-json\/wp\/v2\/pages\/2126\/revisions"}],"wp:attachment":[{"href":"http:\/\/www.visual--media.com\/site\/wp-json\/wp\/v2\/media?parent=2126"}],"curies":[{"name":"wp","href":"https:\/\/api.w.org\/{rel}","templated":true}]}}