{"id":2112,"date":"2023-12-26T12:12:56","date_gmt":"2023-12-26T15:12:56","guid":{"rendered":"http:\/\/www.visual--media.com\/site\/?page_id=2112"},"modified":"2024-01-01T20:17:07","modified_gmt":"2024-01-01T23:17:07","slug":"leituras-intuitivas-com-tarot-e-oraculos","status":"publish","type":"page","link":"http:\/\/www.visual--media.com\/site\/leituras-intuitivas-com-tarot-e-oraculos\/","title":{"rendered":"Leituras Intuitivas com Tarot\u00a0e Or\u00e1culos para Tutores e seus Animais"},"content":{"rendered":"<p><span style=\"color: #000000;\"><\/span><\/p>\r\n<p><span style=\"color: #000000;\"><img loading=\"lazy\" decoding=\"async\" class=\"alignnone wp-image-2116 size-medium\" src=\"http:\/\/www.visual--media.com\/site\/wp-content\/uploads\/2023\/12\/12.39.48-266x266.jpeg\" alt=\"\" width=\"266\" height=\"266\" srcset=\"http:\/\/www.visual--media.com\/site\/wp-content\/uploads\/2023\/12\/12.39.48-266x266.jpeg 266w, http:\/\/www.visual--media.com\/site\/wp-content\/uploads\/2023\/12\/12.39.48-490x490.jpeg 490w, http:\/\/www.visual--media.com\/site\/wp-content\/uploads\/2023\/12\/12.39.48-768x768.jpeg 768w, http:\/\/www.visual--media.com\/site\/wp-content\/uploads\/2023\/12\/12.39.48-300x300.jpeg 300w, http:\/\/www.visual--media.com\/site\/wp-content\/uploads\/2023\/12\/12.39.48-600x600.jpeg 600w, http:\/\/www.visual--media.com\/site\/wp-content\/uploads\/2023\/12\/12.39.48-100x100.jpeg 100w, http:\/\/www.visual--media.com\/site\/wp-content\/uploads\/2023\/12\/12.39.48.jpeg 1080w\" sizes=\"auto, (max-width: 266px) 100vw, 266px\" \/> <img loading=\"lazy\" decoding=\"async\" class=\"alignnone wp-image-2117 size-medium\" src=\"http:\/\/www.visual--media.com\/site\/wp-content\/uploads\/2023\/12\/12.39.39-266x266.jpeg\" alt=\"\" width=\"266\" height=\"266\" srcset=\"http:\/\/www.visual--media.com\/site\/wp-content\/uploads\/2023\/12\/12.39.39-266x266.jpeg 266w, http:\/\/www.visual--media.com\/site\/wp-content\/uploads\/2023\/12\/12.39.39-490x490.jpeg 490w, http:\/\/www.visual--media.com\/site\/wp-content\/uploads\/2023\/12\/12.39.39-768x768.jpeg 768w, http:\/\/www.visual--media.com\/site\/wp-content\/uploads\/2023\/12\/12.39.39-300x300.jpeg 300w, http:\/\/www.visual--media.com\/site\/wp-content\/uploads\/2023\/12\/12.39.39-600x600.jpeg 600w, http:\/\/www.visual--media.com\/site\/wp-content\/uploads\/2023\/12\/12.39.39-100x100.jpeg 100w, http:\/\/www.visual--media.com\/site\/wp-content\/uploads\/2023\/12\/12.39.39.jpeg 1080w\" sizes=\"auto, (max-width: 266px) 100vw, 266px\" \/><\/span><\/p>\r\n<p><span style=\"color: #000000;\">Sim, as cartas \u201cfalam\u201d. Elas cont\u00e9m mensagens que podem ser transmitidas para voc\u00ea,\u00a0tutor do Pet. As formas que os nossos animaizinhos e o Universo encontram para nos enviar sinais, mensagens e etc, s\u00e3o in\u00fameras. Lembrando que Tarot e Or\u00e1culos n\u00e3o s\u00e3o senten\u00e7as, e sim, tend\u00eancias. Dicas valiosas para melhorar e transformar a nossa exist\u00eancia e a de nossos Pets. As cartas l\u00eaem as energias do momento. Elas podem auxiliar os nossos caminhos, trazendo mais clareza, insights, conforto para nossas quest\u00f5es e de nossos Pets.<\/span><\/p>\r\n<p><span style=\"color: #000000;\">\r\n\r\n<\/span><\/p>\r\n<p class=\"has-vivid-red-color has-text-color has-link-color wp-elements-5f100cd41398d6ef8e9a15613a4575c6\"><span style=\"color: #000000;\"><strong>*** Voc\u00ea pode escolher uma ou mais leituras e somar os valores de cada tiragem.<\/strong><\/span><\/p>\r\n<p><span style=\"color: #000000;\">\r\n\r\n<\/span><\/p>\r\n<p><span style=\"color: #000000;\"><strong>Tiragem 1- Para Pets desencarnados \u2013 Valor: 90,00<\/strong><\/span><\/p>\r\n<p><span style=\"color: #000000;\">\r\n\r\n<\/span><\/p>\r\n<p><span style=\"color: #000000;\">1- A energia do momento<\/span><\/p>\r\n<p><span style=\"color: #000000;\">\r\n\r\n<\/span><\/p>\r\n<p><span style=\"color: #000000;\">2- Como o Pet descreve a rela\u00e7\u00e3o em vida com o tutor<\/span><\/p>\r\n<p><span style=\"color: #000000;\">\r\n\r\n<\/span><\/p>\r\n<p><span style=\"color: #000000;\">3- A li\u00e7\u00e3o (aprendizado) que o Pet deixou para o tutor<\/span><\/p>\r\n<p><span style=\"color: #000000;\">\r\n\r\n<\/span><\/p>\r\n<p><span style=\"color: #000000;\">4- Sinais que o Pet poder\u00e1 enviar para se comunicar com o tutor<\/span><\/p>\r\n<p><span style=\"color: #000000;\">\r\n\r\n<\/span><\/p>\r\n<p><span style=\"color: #000000;\">5- O que o tutor poder\u00e1 fazer para honrar a sua viv\u00eancia com o Pet<\/span><\/p>\r\n<p><span style=\"color: #000000;\">\r\n\r\n<\/span><\/p>\r\n<p><span style=\"color: #000000;\">6- Uma mensagem geral do Pet para o tutor seguir em frente<\/span><\/p>\r\n<p><span style=\"color: #000000;\">\r\n\r\n<\/span><\/p>\r\n<p><span style=\"color: #000000;\"><strong>Tiragem 2- Rela\u00e7\u00e3o Tutor x Pet\u2013 Valor: 100,00<\/strong><\/span><\/p>\r\n<p><span style=\"color: #000000;\">\r\n\r\n<\/span><\/p>\r\n<p><span style=\"color: #000000;\">1- A energia do momento atual do Pet<\/span><\/p>\r\n<p><span style=\"color: #000000;\">\r\n\r\n<\/span><\/p>\r\n<p><span style=\"color: #000000;\">2- A energia do momento atual do tutor<\/span><\/p>\r\n<p><span style=\"color: #000000;\">\r\n\r\n<\/span><\/p>\r\n<p><span style=\"color: #000000;\">3- O que precisa ser olhado nessa rela\u00e7\u00e3o<\/span><\/p>\r\n<p><span style=\"color: #000000;\">\r\n\r\n<\/span><\/p>\r\n<p><span style=\"color: #000000;\">4- O que deixa o Pet feliz?<\/span><\/p>\r\n<p><span style=\"color: #000000;\">\r\n\r\n<\/span><\/p>\r\n<p><span style=\"color: #000000;\">5- O que deixa o Pet triste?<\/span><\/p>\r\n<p><span style=\"color: #000000;\">\r\n\r\n<\/span><\/p>\r\n<p><span style=\"color: #000000;\">6- O que o Pet precisa?<\/span><\/p>\r\n<p><span style=\"color: #000000;\">\r\n\r\n<\/span><\/p>\r\n<p><span style=\"color: #000000;\">7- Por que Pet e tutor est\u00e3o juntos nessa vida?<\/span><\/p>\r\n<p><span style=\"color: #000000;\">\r\n\r\n<\/span><\/p>\r\n<p><span style=\"color: #000000;\">9- Uma mensagem do Pet para o tutor<\/span><\/p>\r\n<p><span style=\"color: #000000;\">\r\n\r\n<\/span><\/p>\r\n<p><span style=\"color: #000000;\"><strong>Tiragem 3- Scan Corporal dos Chakras- Valor R$ 100,00<\/strong><\/span><\/p>\r\n<p><span style=\"color: #000000;\">\r\n\r\n<\/span><\/p>\r\n<p><span style=\"color: #000000;\">1- A Energia geral do Pet no momento<\/span><\/p>\r\n<p><span style=\"color: #000000;\">\r\n\r\n<\/span><\/p>\r\n<p><span style=\"color: #000000;\">2- Chackra Coron\u00e1rio<\/span><\/p>\r\n<p><span style=\"color: #000000;\">\r\n\r\n<\/span><\/p>\r\n<p><span style=\"color: #000000;\">3- Chackra Frontal<\/span><\/p>\r\n<p><span style=\"color: #000000;\">\r\n\r\n<\/span><\/p>\r\n<p><span style=\"color: #000000;\">4- Chacrka Lar\u00edngeo<\/span><\/p>\r\n<p><span style=\"color: #000000;\">\r\n\r\n<\/span><\/p>\r\n<p><span style=\"color: #000000;\">5- Chackra Braquial (espec\u00edfico dos animais)<\/span><\/p>\r\n<p><span style=\"color: #000000;\">\r\n\r\n<\/span><\/p>\r\n<p><span style=\"color: #000000;\">6- Chackra Card\u00edaco<\/span><\/p>\r\n<p><span style=\"color: #000000;\">\r\n\r\n<\/span><\/p>\r\n<p><span style=\"color: #000000;\">7- Chackra Plexo Solar<\/span><\/p>\r\n<p><span style=\"color: #000000;\">\r\n\r\n<\/span><\/p>\r\n<p><span style=\"color: #000000;\">8- Chackra Umbilical<\/span><\/p>\r\n<p><span style=\"color: #000000;\">\r\n\r\n<\/span><\/p>\r\n<p><span style=\"color: #000000;\">9- Chackra B\u00e1sico<\/span><\/p>\r\n<p><span style=\"color: #000000;\">\r\n\r\n<\/span><\/p>\r\n<p><span style=\"color: #000000;\"><strong>Tiragem 4 &#8211; Decis\u00f5es (Quando se tem mais de uma op\u00e7\u00e3o para um caso espec\u00edfico e \u00e9 preciso fazer uma escolha. Valor 85,00<\/strong><\/span><\/p>\r\n<p><span style=\"color: #000000;\">\r\n\r\n<\/span><\/p>\r\n<p><span style=\"color: #000000;\">1- A energia da quest\u00e3o\/d\u00favida\u00a0<\/span><\/p>\r\n<p><span style=\"color: #000000;\">\r\n\r\n<\/span><\/p>\r\n<p><span style=\"color: #000000;\">2,3 &#8211; A tend\u00eancia da primeira escolha<\/span><\/p>\r\n<p><span style=\"color: #000000;\">\r\n\r\n<\/span><\/p>\r\n<p><span style=\"color: #000000;\">4,5 &#8211; A tend\u00eancia da segunda escolha<\/span><\/p>\r\n<p><span style=\"color: #000000;\">\r\n\r\n<\/span><\/p>\r\n<p><span style=\"color: #000000;\">6 &#8211; Um conselho\u00a0<\/span><\/p>\r\n<p><span style=\"color: #000000;\">\r\n\r\n<\/span><\/p>\r\n<p><span style=\"color: #000000;\"><strong>Tiragem 5- Senda de Luz \u2013 Valor 90,00<\/strong><\/span><\/p>\r\n<p><span style=\"color: #000000;\">\r\n\r\n<\/span><\/p>\r\n<p><span style=\"color: #000000;\">1- Onde o Pet est\u00e1 em seu momento atual, jornada?<\/span><\/p>\r\n<p><span style=\"color: #000000;\">\r\n\r\n<\/span><\/p>\r\n<p><span style=\"color: #000000;\">2- O que bloqueia a energia do Pet?<\/span><\/p>\r\n<p><span style=\"color: #000000;\">\r\n\r\n<\/span><\/p>\r\n<p><span style=\"color: #000000;\">3- O que \u00e9 preciso para superar este desafio\/obst\u00e1culo?<\/span><\/p>\r\n<p><span style=\"color: #000000;\">\r\n\r\n<\/span><\/p>\r\n<p><span style=\"color: #000000;\">4- O que pode ser acrescentado na vida do Pet para ajud\u00e1-lo?<\/span><\/p>\r\n<p><span style=\"color: #000000;\">\r\n\r\n<\/span><\/p>\r\n<p><span style=\"color: #000000;\">5- O que o tutor pode fazer para se conectar melhor com o Pet?<\/span><\/p>\r\n<p><span style=\"color: #000000;\">\r\n\r\n<\/span><\/p>\r\n<p><span style=\"color: #000000;\">6- Uma mensagem geral do Pet para o tutor\u00a0<\/span><\/p>\r\n<p><span style=\"color: #000000;\">\r\n\r\n<\/span><\/p>\r\n<p><span style=\"color: #000000;\"><strong>Tiragem 6 \u2013 Amor ao\u00a0 Pet \u2013 Valor 90,00<\/strong><\/span><\/p>\r\n<p><span style=\"color: #000000;\">\r\n\r\n<\/span><\/p>\r\n<p><span style=\"color: #000000;\">1- O que une Pet e tutor nesta vida f\u00edsica?<\/span><\/p>\r\n<p><span style=\"color: #000000;\">\r\n\r\n<\/span><\/p>\r\n<p><span style=\"color: #000000;\">2- Uma carta que representa o Pet<\/span><\/p>\r\n<p><span style=\"color: #000000;\">\r\n\r\n<\/span><\/p>\r\n<p><span style=\"color: #000000;\">3- Uma carta que representa o tutor<\/span><\/p>\r\n<p><span style=\"color: #000000;\">\r\n\r\n<\/span><\/p>\r\n<p><span style=\"color: #000000;\">4- Como tutor e Pet podem conviver mais em harmonia?<\/span><\/p>\r\n<p><span style=\"color: #000000;\">\r\n\r\n<\/span><\/p>\r\n<p><span style=\"color: #000000;\">5- O que o tutor pode fazer para agradar seu pet?<\/span><\/p>\r\n<p><span style=\"color: #000000;\">\r\n\r\n<\/span><\/p>\r\n<p><span style=\"color: #000000;\">6- Uma mensagem do Pet para o tutor<\/span><\/p>\r\n<p><span style=\"color: #000000;\">\r\n\r\n<\/span><\/p>\r\n<p><span style=\"color: #000000;\"><strong>Tiragem 7 \u2013 Sa\u00fade Geral do Pet \u2013 Valor 90,00<\/strong><\/span><\/p>\r\n<p><span style=\"color: #000000;\">\r\n\r\n<\/span><\/p>\r\n<p><span style=\"color: #000000;\">1- Energia geral do momento<\/span><\/p>\r\n<p><span style=\"color: #000000;\">\r\n\r\n<\/span><\/p>\r\n<p><span style=\"color: #000000;\">2- Sa\u00fade f\u00edsica<\/span><\/p>\r\n<p><span style=\"color: #000000;\">\r\n\r\n<\/span><\/p>\r\n<p><span style=\"color: #000000;\">3- Sa\u00fade Emocional<\/span><\/p>\r\n<p><span style=\"color: #000000;\">\r\n\r\n<\/span><\/p>\r\n<p><span style=\"color: #000000;\">4- Sa\u00fade Espiritual<\/span><\/p>\r\n<p><span style=\"color: #000000;\">\r\n\r\n<\/span><\/p>\r\n<p><span style=\"color: #000000;\">5- O que o Pet absorve positivamente do ambiente\/tutor?<\/span><\/p>\r\n<p><span style=\"color: #000000;\">\r\n\r\n<\/span><\/p>\r\n<p><span style=\"color: #000000;\">6- O que o Pet absorve negativamente do ambiente\/tutor?<\/span><\/p>\r\n<p><span style=\"color: #000000;\">\r\n\r\n<\/span><\/p>\r\n<p><span style=\"color: #000000;\">7- Conselho<\/span><\/p>\r\n<p><span style=\"color: #000000;\">\r\n\r\n<\/span><\/p>\r\n<p><span style=\"color: #000000;\"><strong>Tiragem 8 \u2013 Pets Ansiosos\/Nervosos (Comportamentos) \u2013 Valor 90,00<\/strong><\/span><\/p>\r\n<p><span style=\"color: #000000;\">\r\n\r\n<\/span><\/p>\r\n<p><span style=\"color: #000000;\">1- A origem da ansiedade (ou do mal comportamento)<\/span><\/p>\r\n<p><span style=\"color: #000000;\">\r\n\r\n<\/span><\/p>\r\n<p><span style=\"color: #000000;\">2- Como o Pet pode se equilibrar mais?<\/span><\/p>\r\n<p><span style=\"color: #000000;\">\r\n\r\n<\/span><\/p>\r\n<p><span style=\"color: #000000;\">3- Qual a melhor forma do Pet relaxar?<\/span><\/p>\r\n<p><span style=\"color: #000000;\">\r\n\r\n<\/span><\/p>\r\n<p><span style=\"color: #000000;\">4- O que o Pet gostaria?<\/span><\/p>\r\n<p><span style=\"color: #000000;\">\r\n\r\n<\/span><\/p>\r\n<p><span style=\"color: #000000;\">5- O que o ajuda a se curar\/melhorar?<\/span><\/p>\r\n<p><span style=\"color: #000000;\">\r\n\r\n<\/span><\/p>\r\n<p><span style=\"color: #000000;\">6- O que atrapalha a cura.melhoria?<\/span><\/p>\r\n<p><span style=\"color: #000000;\">\r\n\r\n<\/span><\/p>\r\n<p><span style=\"color: #000000;\">7- Uma mensagem para o tutor<\/span><\/p>\r\n<p><span style=\"color: #000000;\">\r\n\r\n<\/span><\/p>\r\n<p><span style=\"color: #000000;\"><strong>Tiragem 9 &#8211; Fa\u00e7a tr\u00eas perguntas suas (assuntos gerais, livre escolha) \u2013 Valor \u00a0 60,00<\/strong><\/span><\/p>\r\n<p><span style=\"color: #000000;\">\r\n\r\n<\/span><\/p>\r\n<p><span style=\"color: #000000;\"><strong>Tiraem 10 &#8211;\u00a0 Fa\u00e7a uma pergunta sua (assuntos gerais, livre escolha) \u2013 Valor 30,00<\/strong><\/span><\/p>\r\n<p><span style=\"color: #000000;\">\r\n\r\n<\/span><\/p>\r\n<p class=\"has-vivid-red-color has-text-color has-link-color wp-elements-3397db7fea2a1cf4d3d81a2c9d55f8b8\"><span style=\"color: #000000;\"><strong>Como s\u00e3o feitas as leituras: <\/strong><strong>LEIA COM ATEN\u00c7\u00c3O!<\/strong><\/span><\/p>\r\n<p><span style=\"color: #000000;\">\r\n\r\n<\/span><\/p>\r\n<p><span style=\"color: #000000;\"><strong>1-<\/strong> <strong>O tutor seleciona a tiragem de prefer\u00eancia e encaminhar\u00e1 as seguintes informa\u00e7\u00f5es (at\u00e9 um dia antes da sess\u00e3o) por e-mail ou inbox do Instagram:\u00a0<\/strong><\/span><\/p>\r\n<p><span style=\"color: #000000;\">\r\n\r\n<\/span><\/p>\r\n<p><span style=\"color: #000000;\"><strong>ENVIAR: Assinatura Energ\u00e9tica para leituras \u00e0 dist\u00e2ncia<\/strong><\/span><\/p>\r\n<p><span style=\"color: #000000;\">\r\n\r\n<\/span><\/p>\r\n<ul class=\"wp-block-list\">\r\n<li><span style=\"color: #000000;\">Nome do Tutor, data de nascimento. (N\u00e3o precisa de foto)<\/span><\/li>\r\n\r\n\r\n\r\n<li><span style=\"color: #000000;\">Nome e foto do animalzinho, datas do nascimento dele(a), e\/ou desencarne, caso saiba.<\/span><\/li>\r\n\r\n\r\n\r\n<li><span style=\"color: #000000;\">A leitura pode ser para qualquer animal n\u00e3o humano (C\u00e3es, Gatos, Cavalos, Coelhos, P\u00e1ssaros, etc)<\/span><\/li>\r\n\r\n\r\n\r\n<li><span style=\"color: #000000;\">No caso da tiragem \u201cFa\u00e7a a sua pr\u00f3pria pergunta\u201d, o tutor enviar\u00e1 tamb\u00e9m suas quest\u00f5es.<\/span><\/li>\r\n<\/ul>\r\n<p><span style=\"color: #000000;\">\r\n\r\n<\/span><\/p>\r\n<p><span style=\"color: #000000;\"><strong>2- Uma data \u00e9 marcada para a leitura que ser\u00e1 feita off-line (n\u00e3o \u00e9 presencial).\u00a0<\/strong><\/span><\/p>\r\n<p><span style=\"color: #000000;\">\r\n\r\n<\/span><\/p>\r\n<p><span style=\"color: #000000;\"><strong>O Tutor receber\u00e1 em seu e-mail um arquivo em PDF com a leitura personalizada para seu animal e sua quest\u00e3o. Ter\u00e1 a foto da tiragem, com as cartas e o pdf explicando em texto a leitura, seus significados. Ser\u00e1 enviada at\u00e9 o final do dia ou no m\u00e1ximo no pr\u00f3ximo dia pela manh\u00e3.<\/strong><\/span><\/p>\r\n<p><span style=\"color: #000000;\">\r\n\r\n<\/span><\/p>\r\n<p><span style=\"color: #000000;\"><strong>3- O Tutor dever\u00e1 dizer o que busca saber, como por exemplo, o porqu\u00ea de tal comportamento, problema de sa\u00fade, o que fazer em rela\u00e7\u00e3o &#8220;\u00e0 isso ou \u00e0quilo&#8221;, ou seja, a quest\u00e3o chave que busca saber e entender melhor sobre seu animal e sua rela\u00e7\u00e3o com ele.<\/strong><\/span><\/p>\r\n<p><span style=\"color: #000000;\">\r\n\r\n<\/span><\/p>\r\n<p><span style=\"color: #000000;\"><strong>4-<\/strong> <strong>N\u00e3o tenha medo de perguntar! Todas as suas d\u00favidas s\u00e3o importantes.\u00a0<\/strong><\/span><\/p>\r\n<p><span style=\"color: #000000;\">\r\n\r\n<\/span><\/p>\r\n<p><span style=\"color: #000000;\"><strong>Obs: N\u00e3o h\u00e1 retornos e para cada animal \u00e9 cobrada uma sess\u00e3o de leitura. Novas quest\u00f5es, novas leituras.\u00a0<\/strong><\/span><\/p>\r\n<p><span style=\"color: #000000;\">\r\n\r\n<\/span><\/p>\r\n<p><span style=\"color: #000000;\"><strong>Importante:\u00a0<\/strong><\/span><\/p>\r\n<p><span style=\"color: #000000;\">\r\n\r\n<\/span><\/p>\r\n<p class=\"has-vivid-red-color has-text-color has-link-color wp-elements-8371b60f56a70ffa18aacca9cff764ab\"><span style=\"color: #000000;\"><strong>Pagamento \u00e0 vista. (Transfer\u00eancia ou Pix). Deve ser feito at\u00e9 um dia antes da data marcada para a sess\u00e3o de leitura. <\/strong><strong>Caso n\u00e3o seja feito o pagamento, n\u00e3o haver\u00e1 sess\u00e3o.<\/strong><strong>\u00a0<\/strong><\/span><\/p>\r\n<p><span style=\"color: #000000;\">\r\n\r\n<\/span><\/p>\r\n<p><span style=\"color: #000000;\"><strong>DADOS BANC\u00c1RIOS:<\/strong><\/span><\/p>\r\n<p><span style=\"color: #000000;\">\r\n\r\n<\/span><\/p>\r\n<p><span style=\"color: #000000;\">Ita\u00fa<\/span><br \/><span style=\"color: #000000;\">Ag\u00eancia: 8351<\/span><br \/><span style=\"color: #000000;\">Conta corrente: 10002-2<\/span><br \/><span style=\"color: #000000;\">CPF: 250941678-20<\/span><\/p>\r\n<p><span style=\"color: #000000;\">\r\n\r\n<\/span><\/p>\r\n<p><span style=\"color: #000000;\">PIX NUBANK<\/span><br \/><span style=\"color: #000000;\">CPF: 250.941.678-20<\/span><\/p>\r\n<p><span style=\"color: #000000;\">\r\n\r\n<\/span><\/p>\r\n<p><span style=\"color: #000000;\"><strong>Gratid\u00e3o,\u00a0<\/strong><\/span><\/p>\r\n<p><span style=\"color: #000000;\">\r\n\r\n<\/span><\/p>\r\n<p><span style=\"color: #000000;\"><strong>Dra. Carla Cicarino<br \/>M\u00e9dica Veterin\u00e1ria Integrativa Sist\u00eamica<\/strong><\/span><br \/><span style=\"color: #000000;\"><strong>CRMV-SP 26.312<br \/>Facilitadora em Constela\u00e7\u00e3o Familiar e Familiar Multiesp\u00e9cie, Comunicadora Intuitiva com Animais, Reikiana, Thetahealer, Facilitadora em Tarot Sist\u00eamico (cartas Intuitvas para Pets e tutores).<\/strong><\/span><\/p>\r\n<p><span style=\"color: #000000;\">\r\n\r\n<\/span><\/p>\r\n<p><span style=\"color: #000000;\"><strong>E-mail: carlavet@gmail.com \u00a0<\/strong><\/span><\/p>\r\n<p><span style=\"color: #000000;\"><\/span><\/p>","protected":false},"excerpt":{"rendered":"<p>Sim, as cartas \u201cfalam\u201d. Elas cont\u00e9m mensagens que podem ser transmitidas para voc\u00ea,\u00a0tutor do Pet. As formas que os nossos animaizinhos e o Universo encontram para nos enviar sinais, mensagens &#8230;<\/p>\n","protected":false},"author":1,"featured_media":0,"parent":0,"menu_order":0,"comment_status":"closed","ping_status":"closed","template":"","meta":{"footnotes":""},"class_list":["post-2112","page","type-page","status-publish","hentry"],"aioseo_notices":[],"_links":{"self":[{"href":"http:\/\/www.visual--media.com\/site\/wp-json\/wp\/v2\/pages\/2112","targetHints":{"allow":["GET"]}}],"collection":[{"href":"http:\/\/www.visual--media.com\/site\/wp-json\/wp\/v2\/pages"}],"about":[{"href":"http:\/\/www.visual--media.com\/site\/wp-json\/wp\/v2\/types\/page"}],"author":[{"embeddable":true,"href":"http:\/\/www.visual--media.com\/site\/wp-json\/wp\/v2\/users\/1"}],"replies":[{"embeddable":true,"href":"http:\/\/www.visual--media.com\/site\/wp-json\/wp\/v2\/comments?post=2112"}],"version-history":[{"count":0,"href":"http:\/\/www.visual--media.com\/site\/wp-json\/wp\/v2\/pages\/2112\/revisions"}],"wp:attachment":[{"href":"http:\/\/www.visual--media.com\/site\/wp-json\/wp\/v2\/media?parent=2112"}],"curies":[{"name":"wp","href":"https:\/\/api.w.org\/{rel}","templated":true}]}}